{"id":50600,"date":"2015-05-15T22:49:21","date_gmt":"2015-05-15T20:49:21","guid":{"rendered":"http:\/\/haar-monie.ch\/cms_live\/?page_id=50600"},"modified":"2025-07-27T13:00:35","modified_gmt":"2025-07-27T11:00:35","slug":"dienstleistungen","status":"publish","type":"page","link":"http:\/\/haar-monie.ch\/cms_live\/dienstleistungen\/","title":{"rendered":"Dienstleistungen"},"content":{"rendered":"<h2>Was ich f\u00fcr Sie tun kann<\/h2>\n<ul>\n<li>Individuelle Damen-, \u00a0Herren- und Kinderschnitte<\/li>\n<li>100% Pflanzenfarben mit diversen Techniken und immer einzigartig<\/li>\n<\/ul>\n<hr \/>\n<h2>Das Braut-Paket<\/h2>\n<p>F\u00fcr Brautfrisuren gibt es keine Trends &#8211; die Frisur ist einzig und allein abh\u00e4ngig von der Tr\u00e4gerin. Um die Pers\u00f6nlichkeit der Braut zu verstehen, bedarf es einer ausf\u00fchrlichen Beratung, die das Wesen der Frau in den Mittelpunkt stellt. Es muss nicht immer etwas Ausgefallenes sein, aber ein Coiffeur muss den Frisurenwunsch perfekt umsetzen und mit dem Kleid harmonisieren k\u00f6nnen.<\/p>\n<h3>Das Braut-Paket besteht aus zwei Schritten:<\/h3>\n<p>1. Der Beratungstermin dauert je nach Haarl\u00e4nge etc. ca 1.5 \u2013 2.5 Std. und beinhaltet Frisurenprobe und die Make-Up-Probe<\/p>\n<p>2. Der Hochzeitstag, da muss alles passen: Waschen und Brushen oder Waschen und Legen\/Hochstecken und das Make-Up. Je nach Haarl\u00e4nge und je nachdem, ob das Make-Up hinzu kommt, empfehle ich Ihnen, 1.5 &#8211; 3.5 Std. einzuplanen. Ich freue mich, wenn ich Sie an diesem Tag begleiten darf. Fragen Sie mich gerne an.<\/p>\n<hr \/>\n<h2>Tarife<\/h2>\n<p>Ich bin stets um eine faire Preisgestaltung bem\u00fcht. Mein Einfraubetrieb erm\u00f6glicht es mir nach wie vor, Ihnen vergleichsweise sehr gute Preise anbieten zu k\u00f6nnen. Ich zeige sie Ihnen gerne im Gesch\u00e4ft.<\/p>\n","protected":false},"excerpt":{"rendered":"<p>Was ich f\u00fcr Sie tun kann Individuelle Damen-, \u00a0Herren- und Kinderschnitte 100% Pflanzenfarben mit diversen Techniken und immer einzigartig Das Braut-Paket F\u00fcr Brautfrisuren gibt es keine Trends &#8211; die Frisur ist einzig und allein abh\u00e4ngig von der Tr\u00e4gerin. Um die Pers\u00f6nlichkeit der Braut zu verstehen, bedarf es einer ausf\u00fchrlichen Beratung, die das Wesen der Frau [&hellip;]<\/p>\n","protected":false},"author":1,"featured_media":50759,"parent":0,"menu_order":40,"comment_status":"open","ping_status":"open","template":"full-width-page-template.php","meta":{"footnotes":""},"class_list":["post-50600","page","type-page","status-publish","has-post-thumbnail","hentry"],"_links":{"self":[{"href":"http:\/\/haar-monie.ch\/cms_live\/wp-json\/wp\/v2\/pages\/50600","targetHints":{"allow":["GET"]}}],"collection":[{"href":"http:\/\/haar-monie.ch\/cms_live\/wp-json\/wp\/v2\/pages"}],"about":[{"href":"http:\/\/haar-monie.ch\/cms_live\/wp-json\/wp\/v2\/types\/page"}],"author":[{"embeddable":true,"href":"http:\/\/haar-monie.ch\/cms_live\/wp-json\/wp\/v2\/users\/1"}],"replies":[{"embeddable":true,"href":"http:\/\/haar-monie.ch\/cms_live\/wp-json\/wp\/v2\/comments?post=50600"}],"version-history":[{"count":7,"href":"http:\/\/haar-monie.ch\/cms_live\/wp-json\/wp\/v2\/pages\/50600\/revisions"}],"predecessor-version":[{"id":50825,"href":"http:\/\/haar-monie.ch\/cms_live\/wp-json\/wp\/v2\/pages\/50600\/revisions\/50825"}],"wp:featuredmedia":[{"embeddable":true,"href":"http:\/\/haar-monie.ch\/cms_live\/wp-json\/wp\/v2\/media\/50759"}],"wp:attachment":[{"href":"http:\/\/haar-monie.ch\/cms_live\/wp-json\/wp\/v2\/media?parent=50600"}],"curies":[{"name":"wp","href":"https:\/\/api.w.org\/{rel}","templated":true}]}}